{"id":7698,"date":"2025-02-19T09:46:27","date_gmt":"2025-02-19T08:46:27","guid":{"rendered":"https:\/\/housekeepingcoco.com\/?page_id=7698"},"modified":"2025-05-26T09:51:39","modified_gmt":"2025-05-26T07:51:39","slug":"politica-de-accesibilidad","status":"publish","type":"page","link":"https:\/\/housekeepingcoco.com\/es\/politica-de-accesibilidad\/","title":{"rendered":"Pol\u00edtica de Accesibilidad"},"content":{"rendered":"\t\t<div data-elementor-type=\"wp-page\" data-elementor-id=\"7698\" class=\"elementor elementor-7698\" data-elementor-post-type=\"page\">\n\t\t\t\t<div class=\"elementor-element elementor-element-4973bbb e-flex e-con-boxed wpr-particle-no wpr-jarallax-no wpr-parallax-no wpr-sticky-section-no e-con e-parent\" data-id=\"4973bbb\" data-element_type=\"container\">\n\t\t\t\t\t<div class=\"e-con-inner\">\n\t\t\t\t<div class=\"elementor-element elementor-element-24ac8e3a elementor-widget elementor-widget-text-editor\" data-id=\"24ac8e3a\" data-element_type=\"widget\" data-widget_type=\"text-editor.default\">\n\t\t\t\t<div class=\"elementor-widget-container\">\n\t\t\t\t\t\t\t\t\t<div class=\"page-header\">\n<h1><\/h1>\n<h1 class=\"entry-title\">Pol\u00edtica de Accesibilidad<\/h1>\n<\/div>\n<div class=\"page-content\" style=\"color:black;\">\n<div class=\"elementor elementor-650\" data-elementor-type=\"wp-page\" data-elementor-id=\"650\" data-elementor-post-type=\"page\">\n<div class=\"elementor-element elementor-element-c0c7a3d e-flex e-con-boxed wpr-particle-no wpr-jarallax-no wpr-parallax-no wpr-sticky-section-no e-con e-parent e-lazyloaded\" data-id=\"c0c7a3d\" data-element_type=\"container\">\n<div class=\"e-con-inner\">\n<div class=\"elementor-element elementor-element-1808e47 elementor-widget elementor-widget-text-editor\" data-id=\"1808e47\" data-element_type=\"widget\" data-widget_type=\"text-editor.default\">\n<div class=\"elementor-widget-container\">\n<p>Peter Andras Szabolcs Nagy se ha comprometido a hacer accesible su sitio web de conformidad con el Real Decreto 1112\/2018, de 7 de septiembre, sobre accesibilidad de los sitios web y aplicaciones para dispositivos m\u00f3viles del sector p\u00fablico, o desarrollos financiados desde Europa.<\/p>\n<p>La presente declaraci\u00f3n de accesibilidad se aplica al sitio <a href=\"https:\/\/housekeepingcoco.com\/\" style=\"color:#004cff;\">https:\/\/housekeepingcoco.com<\/a>&nbsp;excluyendo los contenidos incrustados provenientes de otros dominios.<\/p>\n<p>Situaci\u00f3n de cumplimiento<\/p>\n<p>Este sitio web es Plenamente conforme con el RD 1112\/2018 no siendo necesaria una descripci\u00f3n de los contenidos no accesibles.<\/p>\n<p>Podr\u00edan existir archivos ofim\u00e1ticos en PDF u otros formatos publicados antes del 20 de septiembre de 2018 que no cumplan en su totalidad todos los requisitos de accesibilidad. Puede haber contenidos de terceros que no est\u00e9n desarrollados en esta Unidad, ni bajo su control, como archivos ofim\u00e1ticos de diferentes organismos que deban publicarse en este sitio.<\/p>\n<p>Preparaci\u00f3n de la presente declaraci\u00f3n de accesibilidad<\/p>\n<p>La presente declaraci\u00f3n fue preparada el 20 de Marzo de 2025.<\/p>\n<p>El m\u00e9todo empleado para actualizar la declaraci\u00f3n ha sido una evaluaci\u00f3n llevada a cabo por la empresa Proytec Inform\u00e1tica, S.C.<\/p>\n<p>Observaciones y datos de contacto<\/p>\n<p>Puede realizar comunicaciones sobre requisitos de accesibilidad [art\u00edculo 10.2.a) del RD 1112\/2018] como, por ejemplo:<\/p>\n<p>Informar sobre cualquier posible incumplimiento por parte de este sitio web.<\/p>\n<p>Transmitir otras dificultades de acceso al contenido.<\/p>\n<p>Formular cualquier otra consulta o sugerencia de mejora relativa a la accesibilidad del sitio web a trav\u00e9s del siguiente formulario de contacto o llamando al tel\u00e9fono 966720048 de 9 a 14 horas de lunes a viernes.<\/p>\n<p>Puede presentar:<\/p>\n<p>Una queja relativa al cumplimiento de los requisitos del RD 1112\/2018.<\/p>\n<p>Una solicitud de informaci\u00f3n accesible relativa a:<\/p>\n<p>Contenidos que est\u00e1n excluidos del \u00e1mbito de aplicaci\u00f3n del RD 1112\/2018 seg\u00fan lo establecido por el art\u00edculo 3, apartado 4.<\/p>\n<p>Contenidos que est\u00e1n exentos del cumplimiento de los requisitos de accesibilidad por imponer una carga desproporcionada.<\/p>\n<p>En la solicitud de informaci\u00f3n accesible, se debe concretar, con toda claridad, los hechos, razones y petici\u00f3n que permitan constatar que se trata de una solicitud razonable y leg\u00edtima.<\/p>\n<\/div>\n<\/div>\n<\/div>\n<\/div>\n<\/div>\n<\/div>\t\t\t\t\t\t\t\t<\/div>\n\t\t\t\t<\/div>\n\t\t\t\t\t<\/div>\n\t\t\t\t<\/div>\n\t\t\t\t<\/div>\n\t\t","protected":false},"excerpt":{"rendered":"<p>Pol\u00edtica de Accesibilidad Peter Andras Szabolcs Nagy se ha comprometido a hacer accesible su sitio web de conformidad con el Real Decreto 1112\/2018, de 7 de septiembre, sobre accesibilidad de los sitios web y aplicaciones para dispositivos m\u00f3viles del sector p\u00fablico, o desarrollos financiados desde Europa. La presente declaraci\u00f3n de accesibilidad se aplica al sitio https:\/\/housekeepingcoco.com&nbsp;excluyendo los contenidos incrustados provenientes de otros dominios. Situaci\u00f3n de cumplimiento Este sitio web es Plenamente conforme con el RD 1112\/2018 no siendo necesaria una descripci\u00f3n de los contenidos no accesibles. Podr\u00edan existir archivos ofim\u00e1ticos en PDF u otros formatos publicados antes del 20 de septiembre de 2018 que no cumplan en su totalidad todos los requisitos de accesibilidad. Puede haber contenidos de terceros que no est\u00e9n desarrollados en esta Unidad, ni bajo su control, como archivos ofim\u00e1ticos de diferentes organismos que deban publicarse en este sitio. Preparaci\u00f3n de la presente declaraci\u00f3n de accesibilidad La presente declaraci\u00f3n fue preparada el 20 de Marzo de 2025. El m\u00e9todo empleado para actualizar la declaraci\u00f3n ha sido una evaluaci\u00f3n llevada a cabo por la empresa Proytec Inform\u00e1tica, S.C. Observaciones y datos de contacto Puede realizar comunicaciones sobre requisitos de accesibilidad [art\u00edculo 10.2.a) del RD 1112\/2018] como, por ejemplo: Informar sobre cualquier posible incumplimiento por parte de este sitio web. Transmitir otras dificultades de acceso al contenido. Formular cualquier otra consulta o sugerencia de mejora relativa a la accesibilidad del sitio web a trav\u00e9s del siguiente formulario de contacto o llamando al tel\u00e9fono 966720048 de 9 a 14 horas de lunes a viernes. Puede presentar: Una queja relativa al cumplimiento de los requisitos del RD 1112\/2018. Una solicitud de informaci\u00f3n accesible relativa a: Contenidos que est\u00e1n excluidos del \u00e1mbito de aplicaci\u00f3n del RD 1112\/2018 seg\u00fan lo establecido por el art\u00edculo 3, apartado 4. Contenidos que est\u00e1n exentos del cumplimiento de los requisitos de accesibilidad por imponer una carga desproporcionada. En la solicitud de informaci\u00f3n accesible, se debe concretar, con toda claridad, los hechos, razones y petici\u00f3n que permitan constatar que se trata de una solicitud razonable y leg\u00edtima.<\/p>\n","protected":false},"author":1,"featured_media":0,"parent":0,"menu_order":0,"comment_status":"closed","ping_status":"closed","template":"elementor_header_footer","meta":{"footnotes":""},"class_list":["post-7698","page","type-page","status-publish","hentry"],"yoast_head":"<!-- This site is optimized with the Yoast SEO plugin v27.4 - https:\/\/yoast.com\/product\/yoast-seo-wordpress\/ -->\n<title>Pol\u00edtica de Accesibilidad - HouseKeeping Coco<\/title>\n<meta name=\"robots\" content=\"index, follow, max-snippet:-1, max-image-preview:large, max-video-preview:-1\" \/>\n<link rel=\"canonical\" href=\"https:\/\/housekeepingcoco.com\/es\/politica-de-accesibilidad\/\" \/>\n<meta property=\"og:locale\" content=\"es_ES\" \/>\n<meta property=\"og:type\" content=\"article\" \/>\n<meta property=\"og:title\" content=\"Pol\u00edtica de Accesibilidad - HouseKeeping Coco\" \/>\n<meta property=\"og:description\" content=\"Pol\u00edtica de Accesibilidad Peter Andras Szabolcs Nagy se ha comprometido a hacer accesible su sitio web de conformidad con el Real Decreto 1112\/2018, de 7 de septiembre, sobre accesibilidad de los sitios web y aplicaciones para dispositivos m\u00f3viles del sector p\u00fablico, o desarrollos financiados desde Europa. La presente declaraci\u00f3n de accesibilidad se aplica al sitio https:\/\/housekeepingcoco.com&nbsp;excluyendo los contenidos incrustados provenientes de otros dominios. Situaci\u00f3n de cumplimiento Este sitio web es Plenamente conforme con el RD 1112\/2018 no siendo necesaria una descripci\u00f3n de los contenidos no accesibles. Podr\u00edan existir archivos ofim\u00e1ticos en PDF u otros formatos publicados antes del 20 de septiembre de 2018 que no cumplan en su totalidad todos los requisitos de accesibilidad. Puede haber contenidos de terceros que no est\u00e9n desarrollados en esta Unidad, ni bajo su control, como archivos ofim\u00e1ticos de diferentes organismos que deban publicarse en este sitio. Preparaci\u00f3n de la presente declaraci\u00f3n de accesibilidad La presente declaraci\u00f3n fue preparada el 20 de Marzo de 2025. El m\u00e9todo empleado para actualizar la declaraci\u00f3n ha sido una evaluaci\u00f3n llevada a cabo por la empresa Proytec Inform\u00e1tica, S.C. Observaciones y datos de contacto Puede realizar comunicaciones sobre requisitos de accesibilidad [art\u00edculo 10.2.a) del RD 1112\/2018] como, por ejemplo: Informar sobre cualquier posible incumplimiento por parte de este sitio web. Transmitir otras dificultades de acceso al contenido. Formular cualquier otra consulta o sugerencia de mejora relativa a la accesibilidad del sitio web a trav\u00e9s del siguiente formulario de contacto o llamando al tel\u00e9fono 966720048 de 9 a 14 horas de lunes a viernes. Puede presentar: Una queja relativa al cumplimiento de los requisitos del RD 1112\/2018. Una solicitud de informaci\u00f3n accesible relativa a: Contenidos que est\u00e1n excluidos del \u00e1mbito de aplicaci\u00f3n del RD 1112\/2018 seg\u00fan lo establecido por el art\u00edculo 3, apartado 4. Contenidos que est\u00e1n exentos del cumplimiento de los requisitos de accesibilidad por imponer una carga desproporcionada. En la solicitud de informaci\u00f3n accesible, se debe concretar, con toda claridad, los hechos, razones y petici\u00f3n que permitan constatar que se trata de una solicitud razonable y leg\u00edtima.\" \/>\n<meta property=\"og:url\" content=\"https:\/\/housekeepingcoco.com\/es\/politica-de-accesibilidad\/\" \/>\n<meta property=\"og:site_name\" content=\"HouseKeeping Coco\" \/>\n<meta property=\"article:publisher\" content=\"https:\/\/www.facebook.com\/CocoHouseKeeping\" \/>\n<meta property=\"article:modified_time\" content=\"2025-05-26T07:51:39+00:00\" \/>\n<meta name=\"twitter:card\" content=\"summary_large_image\" \/>\n<meta name=\"twitter:label1\" content=\"Tiempo de lectura\" \/>\n\t<meta name=\"twitter:data1\" content=\"4 minutos\" \/>\n<script type=\"application\/ld+json\" class=\"yoast-schema-graph\">{\"@context\":\"https:\\\/\\\/schema.org\",\"@graph\":[{\"@type\":\"WebPage\",\"@id\":\"https:\\\/\\\/housekeepingcoco.com\\\/es\\\/politica-de-accesibilidad\\\/\",\"url\":\"https:\\\/\\\/housekeepingcoco.com\\\/es\\\/politica-de-accesibilidad\\\/\",\"name\":\"Pol\u00edtica de Accesibilidad - HouseKeeping Coco\",\"isPartOf\":{\"@id\":\"https:\\\/\\\/housekeepingcoco.com\\\/en\\\/#website\"},\"datePublished\":\"2025-02-19T08:46:27+00:00\",\"dateModified\":\"2025-05-26T07:51:39+00:00\",\"breadcrumb\":{\"@id\":\"https:\\\/\\\/housekeepingcoco.com\\\/es\\\/politica-de-accesibilidad\\\/#breadcrumb\"},\"inLanguage\":\"es\",\"potentialAction\":[{\"@type\":\"ReadAction\",\"target\":[\"https:\\\/\\\/housekeepingcoco.com\\\/es\\\/politica-de-accesibilidad\\\/\"]}]},{\"@type\":\"BreadcrumbList\",\"@id\":\"https:\\\/\\\/housekeepingcoco.com\\\/es\\\/politica-de-accesibilidad\\\/#breadcrumb\",\"itemListElement\":[{\"@type\":\"ListItem\",\"position\":1,\"name\":\"Portada\",\"item\":\"https:\\\/\\\/housekeepingcoco.com\\\/es\\\/home\\\/\"},{\"@type\":\"ListItem\",\"position\":2,\"name\":\"Pol\u00edtica de Accesibilidad\"}]},{\"@type\":\"WebSite\",\"@id\":\"https:\\\/\\\/housekeepingcoco.com\\\/en\\\/#website\",\"url\":\"https:\\\/\\\/housekeepingcoco.com\\\/en\\\/\",\"name\":\"House Keeping Coco\",\"description\":\"Coco House Keeping - Rentals\",\"publisher\":{\"@id\":\"https:\\\/\\\/housekeepingcoco.com\\\/en\\\/#organization\"},\"alternateName\":\"Coco House Keeping & Rentals\",\"potentialAction\":[{\"@type\":\"SearchAction\",\"target\":{\"@type\":\"EntryPoint\",\"urlTemplate\":\"https:\\\/\\\/housekeepingcoco.com\\\/en\\\/?s={search_term_string}\"},\"query-input\":{\"@type\":\"PropertyValueSpecification\",\"valueRequired\":true,\"valueName\":\"search_term_string\"}}],\"inLanguage\":\"es\"},{\"@type\":\"Organization\",\"@id\":\"https:\\\/\\\/housekeepingcoco.com\\\/en\\\/#organization\",\"name\":\"House Keeping Coco\",\"alternateName\":\"Coco House Keeping & Rentals\",\"url\":\"https:\\\/\\\/housekeepingcoco.com\\\/en\\\/\",\"logo\":{\"@type\":\"ImageObject\",\"inLanguage\":\"es\",\"@id\":\"https:\\\/\\\/housekeepingcoco.com\\\/en\\\/#\\\/schema\\\/logo\\\/image\\\/\",\"url\":\"https:\\\/\\\/housekeepingcoco.com\\\/wp-content\\\/uploads\\\/2025\\\/01\\\/Coco-HR-oficial-scaled-e1740742154438.webp\",\"contentUrl\":\"https:\\\/\\\/housekeepingcoco.com\\\/wp-content\\\/uploads\\\/2025\\\/01\\\/Coco-HR-oficial-scaled-e1740742154438.webp\",\"width\":2560,\"height\":1028,\"caption\":\"House Keeping Coco\"},\"image\":{\"@id\":\"https:\\\/\\\/housekeepingcoco.com\\\/en\\\/#\\\/schema\\\/logo\\\/image\\\/\"},\"sameAs\":[\"https:\\\/\\\/www.facebook.com\\\/CocoHouseKeeping\",\"https:\\\/\\\/www.instagram.com\\\/cocohousekeeping\\\/\"]}]}<\/script>\n<!-- \/ Yoast SEO plugin. -->","yoast_head_json":{"title":"Pol\u00edtica de Accesibilidad - HouseKeeping Coco","robots":{"index":"index","follow":"follow","max-snippet":"max-snippet:-1","max-image-preview":"max-image-preview:large","max-video-preview":"max-video-preview:-1"},"canonical":"https:\/\/housekeepingcoco.com\/es\/politica-de-accesibilidad\/","og_locale":"es_ES","og_type":"article","og_title":"Pol\u00edtica de Accesibilidad - HouseKeeping Coco","og_description":"Pol\u00edtica de Accesibilidad Peter Andras Szabolcs Nagy se ha comprometido a hacer accesible su sitio web de conformidad con el Real Decreto 1112\/2018, de 7 de septiembre, sobre accesibilidad de los sitios web y aplicaciones para dispositivos m\u00f3viles del sector p\u00fablico, o desarrollos financiados desde Europa. La presente declaraci\u00f3n de accesibilidad se aplica al sitio https:\/\/housekeepingcoco.com&nbsp;excluyendo los contenidos incrustados provenientes de otros dominios. Situaci\u00f3n de cumplimiento Este sitio web es Plenamente conforme con el RD 1112\/2018 no siendo necesaria una descripci\u00f3n de los contenidos no accesibles. Podr\u00edan existir archivos ofim\u00e1ticos en PDF u otros formatos publicados antes del 20 de septiembre de 2018 que no cumplan en su totalidad todos los requisitos de accesibilidad. Puede haber contenidos de terceros que no est\u00e9n desarrollados en esta Unidad, ni bajo su control, como archivos ofim\u00e1ticos de diferentes organismos que deban publicarse en este sitio. Preparaci\u00f3n de la presente declaraci\u00f3n de accesibilidad La presente declaraci\u00f3n fue preparada el 20 de Marzo de 2025. El m\u00e9todo empleado para actualizar la declaraci\u00f3n ha sido una evaluaci\u00f3n llevada a cabo por la empresa Proytec Inform\u00e1tica, S.C. Observaciones y datos de contacto Puede realizar comunicaciones sobre requisitos de accesibilidad [art\u00edculo 10.2.a) del RD 1112\/2018] como, por ejemplo: Informar sobre cualquier posible incumplimiento por parte de este sitio web. Transmitir otras dificultades de acceso al contenido. Formular cualquier otra consulta o sugerencia de mejora relativa a la accesibilidad del sitio web a trav\u00e9s del siguiente formulario de contacto o llamando al tel\u00e9fono 966720048 de 9 a 14 horas de lunes a viernes. Puede presentar: Una queja relativa al cumplimiento de los requisitos del RD 1112\/2018. Una solicitud de informaci\u00f3n accesible relativa a: Contenidos que est\u00e1n excluidos del \u00e1mbito de aplicaci\u00f3n del RD 1112\/2018 seg\u00fan lo establecido por el art\u00edculo 3, apartado 4. Contenidos que est\u00e1n exentos del cumplimiento de los requisitos de accesibilidad por imponer una carga desproporcionada. En la solicitud de informaci\u00f3n accesible, se debe concretar, con toda claridad, los hechos, razones y petici\u00f3n que permitan constatar que se trata de una solicitud razonable y leg\u00edtima.","og_url":"https:\/\/housekeepingcoco.com\/es\/politica-de-accesibilidad\/","og_site_name":"HouseKeeping Coco","article_publisher":"https:\/\/www.facebook.com\/CocoHouseKeeping","article_modified_time":"2025-05-26T07:51:39+00:00","twitter_card":"summary_large_image","twitter_misc":{"Tiempo de lectura":"4 minutos"},"schema":{"@context":"https:\/\/schema.org","@graph":[{"@type":"WebPage","@id":"https:\/\/housekeepingcoco.com\/es\/politica-de-accesibilidad\/","url":"https:\/\/housekeepingcoco.com\/es\/politica-de-accesibilidad\/","name":"Pol\u00edtica de Accesibilidad - HouseKeeping Coco","isPartOf":{"@id":"https:\/\/housekeepingcoco.com\/en\/#website"},"datePublished":"2025-02-19T08:46:27+00:00","dateModified":"2025-05-26T07:51:39+00:00","breadcrumb":{"@id":"https:\/\/housekeepingcoco.com\/es\/politica-de-accesibilidad\/#breadcrumb"},"inLanguage":"es","potentialAction":[{"@type":"ReadAction","target":["https:\/\/housekeepingcoco.com\/es\/politica-de-accesibilidad\/"]}]},{"@type":"BreadcrumbList","@id":"https:\/\/housekeepingcoco.com\/es\/politica-de-accesibilidad\/#breadcrumb","itemListElement":[{"@type":"ListItem","position":1,"name":"Portada","item":"https:\/\/housekeepingcoco.com\/es\/home\/"},{"@type":"ListItem","position":2,"name":"Pol\u00edtica de Accesibilidad"}]},{"@type":"WebSite","@id":"https:\/\/housekeepingcoco.com\/en\/#website","url":"https:\/\/housekeepingcoco.com\/en\/","name":"House Keeping Coco","description":"Coco House Keeping - Rentals","publisher":{"@id":"https:\/\/housekeepingcoco.com\/en\/#organization"},"alternateName":"Coco House Keeping & Rentals","potentialAction":[{"@type":"SearchAction","target":{"@type":"EntryPoint","urlTemplate":"https:\/\/housekeepingcoco.com\/en\/?s={search_term_string}"},"query-input":{"@type":"PropertyValueSpecification","valueRequired":true,"valueName":"search_term_string"}}],"inLanguage":"es"},{"@type":"Organization","@id":"https:\/\/housekeepingcoco.com\/en\/#organization","name":"House Keeping Coco","alternateName":"Coco House Keeping & Rentals","url":"https:\/\/housekeepingcoco.com\/en\/","logo":{"@type":"ImageObject","inLanguage":"es","@id":"https:\/\/housekeepingcoco.com\/en\/#\/schema\/logo\/image\/","url":"https:\/\/housekeepingcoco.com\/wp-content\/uploads\/2025\/01\/Coco-HR-oficial-scaled-e1740742154438.webp","contentUrl":"https:\/\/housekeepingcoco.com\/wp-content\/uploads\/2025\/01\/Coco-HR-oficial-scaled-e1740742154438.webp","width":2560,"height":1028,"caption":"House Keeping Coco"},"image":{"@id":"https:\/\/housekeepingcoco.com\/en\/#\/schema\/logo\/image\/"},"sameAs":["https:\/\/www.facebook.com\/CocoHouseKeeping","https:\/\/www.instagram.com\/cocohousekeeping\/"]}]}},"_links":{"self":[{"href":"https:\/\/housekeepingcoco.com\/es\/wp-json\/wp\/v2\/pages\/7698","targetHints":{"allow":["GET"]}}],"collection":[{"href":"https:\/\/housekeepingcoco.com\/es\/wp-json\/wp\/v2\/pages"}],"about":[{"href":"https:\/\/housekeepingcoco.com\/es\/wp-json\/wp\/v2\/types\/page"}],"author":[{"embeddable":true,"href":"https:\/\/housekeepingcoco.com\/es\/wp-json\/wp\/v2\/users\/1"}],"replies":[{"embeddable":true,"href":"https:\/\/housekeepingcoco.com\/es\/wp-json\/wp\/v2\/comments?post=7698"}],"version-history":[{"count":6,"href":"https:\/\/housekeepingcoco.com\/es\/wp-json\/wp\/v2\/pages\/7698\/revisions"}],"predecessor-version":[{"id":10357,"href":"https:\/\/housekeepingcoco.com\/es\/wp-json\/wp\/v2\/pages\/7698\/revisions\/10357"}],"wp:attachment":[{"href":"https:\/\/housekeepingcoco.com\/es\/wp-json\/wp\/v2\/media?parent=7698"}],"curies":[{"name":"wp","href":"https:\/\/api.w.org\/{rel}","templated":true}]}}